{"id":3443,"date":"2025-04-14T09:08:01","date_gmt":"2025-04-14T07:08:01","guid":{"rendered":"https:\/\/conseillerfinanciergeneve.ch\/prendre-rendez-vous\/"},"modified":"2025-04-15T11:52:56","modified_gmt":"2025-04-15T09:52:56","slug":"prendre-rendez-vous","status":"publish","type":"page","link":"https:\/\/conseillerfinanciergeneve.ch\/en\/prendre-rendez-vous\/","title":{"rendered":"Book an Appointment!"},"content":{"rendered":"<div data-elementor-type=\"wp-page\" data-elementor-id=\"3443\" class=\"elementor elementor-3443\" data-elementor-post-type=\"page\">\n\t\t\t\t<div class=\"elementor-element elementor-element-2fbeda91 e-flex e-con-boxed e-con e-parent\" data-id=\"2fbeda91\" data-element_type=\"container\" data-e-type=\"container\" data-settings=\"{&quot;background_background&quot;:&quot;gradient&quot;}\">\n\t\t\t\t\t<div class=\"e-con-inner\">\n\t\t\t\t\t<\/div>\n\t\t\t\t<\/div>\n\t\t<div class=\"elementor-element elementor-element-5f46876e e-flex e-con-boxed e-con e-parent\" data-id=\"5f46876e\" data-element_type=\"container\" data-e-type=\"container\">\n\t\t\t\t\t<div class=\"e-con-inner\">\n\t\t\t\t<div class=\"elementor-element elementor-element-60fea1b9 elementor-widget elementor-widget-html\" data-id=\"60fea1b9\" data-element_type=\"widget\" data-e-type=\"widget\" data-widget_type=\"html.default\">\n\t\t\t\t\t<div class=\"calendly-inline-widget\" data-url=\"https:\/\/calendly.com\/conseillerfinanciergeneve\/rdv\" style=\"min-width:320px;height:700px;\"><\/div><script type=\"text\/javascript\" src=\"https:\/\/assets.calendly.com\/assets\/external\/widget.js\" async><\/script>\t\t\t\t<\/div>\n\t\t\t\t\t<\/div>\n\t\t\t\t<\/div>\n\t\t\t\t<\/div>","protected":false},"excerpt":{"rendered":"","protected":false},"author":4,"featured_media":0,"parent":0,"menu_order":0,"comment_status":"closed","ping_status":"closed","template":"elementor_header_footer","meta":{"footnotes":""},"class_list":["post-3443","page","type-page","status-publish","hentry"],"yoast_head":"<!-- This site is optimized with the Yoast SEO plugin v27.5 - https:\/\/yoast.com\/product\/yoast-seo-wordpress\/ -->\n<title>Prenez Rendez-vous avec un conseiller financier \u00e0 Gen\u00e8ve<\/title>\n<meta name=\"description\" content=\"R\u00e9servez votre bilan patrimonial personnalis\u00e9 sans frais honoraires avec un conseiller. S\u00e9curisez votre avenir financier d\u00e8s aujourd&#039;hui.\" \/>\n<meta name=\"robots\" content=\"index, follow, max-snippet:-1, max-image-preview:large, max-video-preview:-1\" \/>\n<link rel=\"canonical\" href=\"https:\/\/conseillerfinanciergeneve.ch\/en\/prendre-rendez-vous\/\" \/>\n<meta property=\"og:locale\" content=\"en_US\" \/>\n<meta property=\"og:type\" content=\"article\" \/>\n<meta property=\"og:title\" content=\"Prenez Rendez-vous avec un conseiller financier \u00e0 Gen\u00e8ve\" \/>\n<meta property=\"og:description\" content=\"R\u00e9servez votre bilan patrimonial personnalis\u00e9 sans frais honoraires avec un conseiller. S\u00e9curisez votre avenir financier d\u00e8s aujourd&#039;hui.\" \/>\n<meta property=\"og:url\" content=\"https:\/\/conseillerfinanciergeneve.ch\/en\/prendre-rendez-vous\/\" \/>\n<meta property=\"og:site_name\" content=\"Conseiller financier Gen&egrave;ve\" \/>\n<meta property=\"article:modified_time\" content=\"2025-04-15T09:52:56+00:00\" \/>\n<meta property=\"og:image\" content=\"https:\/\/conseillerfinanciergeneve.ch\/wp-content\/uploads\/2024\/06\/conseiller-financier-geneve.jpg\" \/>\n\t<meta property=\"og:image:width\" content=\"500\" \/>\n\t<meta property=\"og:image:height\" content=\"500\" \/>\n\t<meta property=\"og:image:type\" content=\"image\/jpeg\" \/>\n<meta name=\"twitter:card\" content=\"summary_large_image\" \/>\n<script type=\"application\/ld+json\" class=\"yoast-schema-graph\">{\"@context\":\"https:\\\/\\\/schema.org\",\"@graph\":[{\"@type\":\"WebPage\",\"@id\":\"https:\\\/\\\/conseillerfinanciergeneve.ch\\\/prendre-rendez-vous\\\/\",\"url\":\"https:\\\/\\\/conseillerfinanciergeneve.ch\\\/prendre-rendez-vous\\\/\",\"name\":\"Prenez Rendez-vous avec un conseiller financier \u00e0 Gen\u00e8ve\",\"isPartOf\":{\"@id\":\"https:\\\/\\\/conseillerfinanciergeneve.ch\\\/#website\"},\"datePublished\":\"2025-04-14T07:08:01+00:00\",\"dateModified\":\"2025-04-15T09:52:56+00:00\",\"description\":\"R\u00e9servez votre bilan patrimonial personnalis\u00e9 sans frais honoraires avec un conseiller. S\u00e9curisez votre avenir financier d\u00e8s aujourd'hui.\",\"breadcrumb\":{\"@id\":\"https:\\\/\\\/conseillerfinanciergeneve.ch\\\/prendre-rendez-vous\\\/#breadcrumb\"},\"inLanguage\":\"en-US\",\"potentialAction\":[{\"@type\":\"ReadAction\",\"target\":[\"https:\\\/\\\/conseillerfinanciergeneve.ch\\\/prendre-rendez-vous\\\/\"]}]},{\"@type\":\"BreadcrumbList\",\"@id\":\"https:\\\/\\\/conseillerfinanciergeneve.ch\\\/prendre-rendez-vous\\\/#breadcrumb\",\"itemListElement\":[{\"@type\":\"ListItem\",\"position\":1,\"name\":\"Accueil\",\"item\":\"https:\\\/\\\/conseillerfinanciergeneve.ch\\\/\"},{\"@type\":\"ListItem\",\"position\":2,\"name\":\"Prendre Rendez-Vous !\"}]},{\"@type\":\"WebSite\",\"@id\":\"https:\\\/\\\/conseillerfinanciergeneve.ch\\\/#website\",\"url\":\"https:\\\/\\\/conseillerfinanciergeneve.ch\\\/\",\"name\":\"Conseiller financier Gen\u00e8ve\",\"description\":\"\",\"publisher\":{\"@id\":\"https:\\\/\\\/conseillerfinanciergeneve.ch\\\/#organization\"},\"potentialAction\":[{\"@type\":\"SearchAction\",\"target\":{\"@type\":\"EntryPoint\",\"urlTemplate\":\"https:\\\/\\\/conseillerfinanciergeneve.ch\\\/?s={search_term_string}\"},\"query-input\":{\"@type\":\"PropertyValueSpecification\",\"valueRequired\":true,\"valueName\":\"search_term_string\"}}],\"inLanguage\":\"en-US\"},{\"@type\":\"Organization\",\"@id\":\"https:\\\/\\\/conseillerfinanciergeneve.ch\\\/#organization\",\"name\":\"Conseiller financier Gen\u00e8ve\",\"url\":\"https:\\\/\\\/conseillerfinanciergeneve.ch\\\/\",\"logo\":{\"@type\":\"ImageObject\",\"inLanguage\":\"en-US\",\"@id\":\"https:\\\/\\\/conseillerfinanciergeneve.ch\\\/#\\\/schema\\\/logo\\\/image\\\/\",\"url\":\"https:\\\/\\\/conseillerfinanciergeneve.ch\\\/wp-content\\\/uploads\\\/2024\\\/11\\\/cropped-cropped-conseiller-financier-2-2.png\",\"contentUrl\":\"https:\\\/\\\/conseillerfinanciergeneve.ch\\\/wp-content\\\/uploads\\\/2024\\\/11\\\/cropped-cropped-conseiller-financier-2-2.png\",\"width\":499,\"height\":258,\"caption\":\"Conseiller financier Gen\u00e8ve\"},\"image\":{\"@id\":\"https:\\\/\\\/conseillerfinanciergeneve.ch\\\/#\\\/schema\\\/logo\\\/image\\\/\"}}]}<\/script>\n<!-- \/ Yoast SEO plugin. -->","yoast_head_json":{"title":"Prenez Rendez-vous avec un conseiller financier \u00e0 Gen\u00e8ve","description":"R\u00e9servez votre bilan patrimonial personnalis\u00e9 sans frais honoraires avec un conseiller. S\u00e9curisez votre avenir financier d\u00e8s aujourd'hui.","robots":{"index":"index","follow":"follow","max-snippet":"max-snippet:-1","max-image-preview":"max-image-preview:large","max-video-preview":"max-video-preview:-1"},"canonical":"https:\/\/conseillerfinanciergeneve.ch\/en\/prendre-rendez-vous\/","og_locale":"en_US","og_type":"article","og_title":"Prenez Rendez-vous avec un conseiller financier \u00e0 Gen\u00e8ve","og_description":"R\u00e9servez votre bilan patrimonial personnalis\u00e9 sans frais honoraires avec un conseiller. S\u00e9curisez votre avenir financier d\u00e8s aujourd'hui.","og_url":"https:\/\/conseillerfinanciergeneve.ch\/en\/prendre-rendez-vous\/","og_site_name":"Conseiller financier Gen&egrave;ve","article_modified_time":"2025-04-15T09:52:56+00:00","og_image":[{"width":500,"height":500,"url":"https:\/\/conseillerfinanciergeneve.ch\/wp-content\/uploads\/2024\/06\/conseiller-financier-geneve.jpg","type":"image\/jpeg"}],"twitter_card":"summary_large_image","schema":{"@context":"https:\/\/schema.org","@graph":[{"@type":"WebPage","@id":"https:\/\/conseillerfinanciergeneve.ch\/prendre-rendez-vous\/","url":"https:\/\/conseillerfinanciergeneve.ch\/prendre-rendez-vous\/","name":"Prenez Rendez-vous avec un conseiller financier \u00e0 Gen\u00e8ve","isPartOf":{"@id":"https:\/\/conseillerfinanciergeneve.ch\/#website"},"datePublished":"2025-04-14T07:08:01+00:00","dateModified":"2025-04-15T09:52:56+00:00","description":"R\u00e9servez votre bilan patrimonial personnalis\u00e9 sans frais honoraires avec un conseiller. S\u00e9curisez votre avenir financier d\u00e8s aujourd'hui.","breadcrumb":{"@id":"https:\/\/conseillerfinanciergeneve.ch\/prendre-rendez-vous\/#breadcrumb"},"inLanguage":"en-US","potentialAction":[{"@type":"ReadAction","target":["https:\/\/conseillerfinanciergeneve.ch\/prendre-rendez-vous\/"]}]},{"@type":"BreadcrumbList","@id":"https:\/\/conseillerfinanciergeneve.ch\/prendre-rendez-vous\/#breadcrumb","itemListElement":[{"@type":"ListItem","position":1,"name":"Accueil","item":"https:\/\/conseillerfinanciergeneve.ch\/"},{"@type":"ListItem","position":2,"name":"Prendre Rendez-Vous !"}]},{"@type":"WebSite","@id":"https:\/\/conseillerfinanciergeneve.ch\/#website","url":"https:\/\/conseillerfinanciergeneve.ch\/","name":"Financial advisor Geneva","description":"","publisher":{"@id":"https:\/\/conseillerfinanciergeneve.ch\/#organization"},"potentialAction":[{"@type":"SearchAction","target":{"@type":"EntryPoint","urlTemplate":"https:\/\/conseillerfinanciergeneve.ch\/?s={search_term_string}"},"query-input":{"@type":"PropertyValueSpecification","valueRequired":true,"valueName":"search_term_string"}}],"inLanguage":"en-US"},{"@type":"Organization","@id":"https:\/\/conseillerfinanciergeneve.ch\/#organization","name":"Financial advisor Geneva","url":"https:\/\/conseillerfinanciergeneve.ch\/","logo":{"@type":"ImageObject","inLanguage":"en-US","@id":"https:\/\/conseillerfinanciergeneve.ch\/#\/schema\/logo\/image\/","url":"https:\/\/conseillerfinanciergeneve.ch\/wp-content\/uploads\/2024\/11\/cropped-cropped-conseiller-financier-2-2.png","contentUrl":"https:\/\/conseillerfinanciergeneve.ch\/wp-content\/uploads\/2024\/11\/cropped-cropped-conseiller-financier-2-2.png","width":499,"height":258,"caption":"Conseiller financier Gen\u00e8ve"},"image":{"@id":"https:\/\/conseillerfinanciergeneve.ch\/#\/schema\/logo\/image\/"}}]}},"_links":{"self":[{"href":"https:\/\/conseillerfinanciergeneve.ch\/en\/wp-json\/wp\/v2\/pages\/3443","targetHints":{"allow":["GET"]}}],"collection":[{"href":"https:\/\/conseillerfinanciergeneve.ch\/en\/wp-json\/wp\/v2\/pages"}],"about":[{"href":"https:\/\/conseillerfinanciergeneve.ch\/en\/wp-json\/wp\/v2\/types\/page"}],"author":[{"embeddable":true,"href":"https:\/\/conseillerfinanciergeneve.ch\/en\/wp-json\/wp\/v2\/users\/4"}],"replies":[{"embeddable":true,"href":"https:\/\/conseillerfinanciergeneve.ch\/en\/wp-json\/wp\/v2\/comments?post=3443"}],"version-history":[{"count":7,"href":"https:\/\/conseillerfinanciergeneve.ch\/en\/wp-json\/wp\/v2\/pages\/3443\/revisions"}],"predecessor-version":[{"id":3567,"href":"https:\/\/conseillerfinanciergeneve.ch\/en\/wp-json\/wp\/v2\/pages\/3443\/revisions\/3567"}],"wp:attachment":[{"href":"https:\/\/conseillerfinanciergeneve.ch\/en\/wp-json\/wp\/v2\/media?parent=3443"}],"curies":[{"name":"wp","href":"https:\/\/api.w.org\/{rel}","templated":true}]}}